{"id":35,"date":"2024-04-03T12:37:17","date_gmt":"2024-04-03T17:37:17","guid":{"rendered":"https:\/\/compasdigitalglobal.com\/?page_id=35"},"modified":"2026-02-10T15:08:22","modified_gmt":"2026-02-10T20:08:22","slug":"contacto-diseno-web","status":"publish","type":"page","link":"https:\/\/compasdigitalglobal.com\/index.php\/contacto-diseno-web\/","title":{"rendered":"CONTACTO"},"content":{"rendered":"<p>[et_pb_section fb_built=\u00bb1&#8243; fullwidth=\u00bbon\u00bb _builder_version=\u00bb4.24.3&#8243; _module_preset=\u00bbdefault\u00bb hover_enabled=\u00bb0&#8243; global_colors_info=\u00bb{}\u00bb sticky_enabled=\u00bb0&#8243;][et_pb_fullwidth_slider _builder_version=\u00bb4.24.3&#8243; _module_preset=\u00bbdefault\u00bb global_colors_info=\u00bb{}\u00bb][et_pb_slide button_text=\u00bbClics\u00bb _builder_version=\u00bb4.24.3&#8243; _module_preset=\u00bbdefault\u00bb background_enable_color=\u00bboff\u00bb background_image=\u00bbhttps:\/\/compasdigitalglobal.com\/wp-content\/uploads\/2024\/05\/HORIZONTAL-EXTRAGRANDE-3.jpg\u00bb background_enable_image=\u00bbon\u00bb global_colors_info=\u00bb{}\u00bb sticky_transition=\u00bbon\u00bb][\/et_pb_slide][et_pb_slide button_text=\u00bbClics\u00bb _builder_version=\u00bb4.24.3&#8243; _module_preset=\u00bbdefault\u00bb background_enable_color=\u00bboff\u00bb background_image=\u00bbhttps:\/\/compasdigitalglobal.com\/wp-content\/uploads\/2024\/05\/HORIZONTAL-EXTRAGRANDE-4.jpg\u00bb background_enable_image=\u00bbon\u00bb global_colors_info=\u00bb{}\u00bb sticky_transition=\u00bbon\u00bb][\/et_pb_slide][\/et_pb_fullwidth_slider][\/et_pb_section]<\/p>\n","protected":false},"excerpt":{"rendered":"","protected":false},"author":1,"featured_media":0,"parent":0,"menu_order":0,"comment_status":"closed","ping_status":"closed","template":"","meta":{"_et_pb_use_builder":"on","_et_pb_old_content":"","_et_gb_content_width":"","_joinchat":[],"footnotes":""},"yoast_head":"<!-- This site is optimized with the Yoast SEO Premium plugin v22.6 (Yoast SEO v22.7) - https:\/\/yoast.com\/wordpress\/plugins\/seo\/ -->\n<title>CONTACTO - compasdigitalglobal.com<\/title>\n<meta name=\"description\" content=\"Cont\u00e1ctanos para consultas sobre nuestros servicios de dise\u00f1o web. Completa el formulario, env\u00edanos un correo o ll\u00e1manos.\" \/>\n<meta name=\"robots\" content=\"index, follow, max-snippet:-1, max-image-preview:large, max-video-preview:-1\" \/>\n<link rel=\"canonical\" href=\"https:\/\/compasdigitalglobal.com\/index.php\/contacto-diseno-web\/\" \/>\n<meta property=\"og:locale\" content=\"es_ES\" \/>\n<meta property=\"og:type\" content=\"article\" \/>\n<meta property=\"og:title\" content=\"CONTACTO\" \/>\n<meta property=\"og:description\" content=\"Cont\u00e1ctanos para consultas sobre nuestros servicios de dise\u00f1o web. Completa el formulario, env\u00edanos un correo o ll\u00e1manos.\" \/>\n<meta property=\"og:url\" content=\"https:\/\/compasdigitalglobal.com\/index.php\/contacto-diseno-web\/\" \/>\n<meta property=\"og:site_name\" content=\"compasdigitalglobal.com\" \/>\n<meta property=\"article:modified_time\" content=\"2026-02-10T20:08:22+00:00\" \/>\n<meta name=\"twitter:card\" content=\"summary_large_image\" \/>\n<meta name=\"twitter:label1\" content=\"Tiempo de lectura\" \/>\n\t<meta name=\"twitter:data1\" content=\"1 minuto\" \/>\n<script type=\"application\/ld+json\" class=\"yoast-schema-graph\">{\"@context\":\"https:\/\/schema.org\",\"@graph\":[{\"@type\":\"WebPage\",\"@id\":\"https:\/\/compasdigitalglobal.com\/index.php\/contacto-diseno-web\/\",\"url\":\"https:\/\/compasdigitalglobal.com\/index.php\/contacto-diseno-web\/\",\"name\":\"CONTACTO - compasdigitalglobal.com\",\"isPartOf\":{\"@id\":\"https:\/\/compasdigitalglobal.com\/#website\"},\"datePublished\":\"2024-04-03T17:37:17+00:00\",\"dateModified\":\"2026-02-10T20:08:22+00:00\",\"description\":\"Cont\u00e1ctanos para consultas sobre nuestros servicios de dise\u00f1o web. Completa el formulario, env\u00edanos un correo o ll\u00e1manos.\",\"breadcrumb\":{\"@id\":\"https:\/\/compasdigitalglobal.com\/index.php\/contacto-diseno-web\/#breadcrumb\"},\"inLanguage\":\"es\",\"potentialAction\":[{\"@type\":\"ReadAction\",\"target\":[\"https:\/\/compasdigitalglobal.com\/index.php\/contacto-diseno-web\/\"]}]},{\"@type\":\"BreadcrumbList\",\"@id\":\"https:\/\/compasdigitalglobal.com\/index.php\/contacto-diseno-web\/#breadcrumb\",\"itemListElement\":[{\"@type\":\"ListItem\",\"position\":1,\"name\":\"Portada\",\"item\":\"https:\/\/compasdigitalglobal.com\/\"},{\"@type\":\"ListItem\",\"position\":2,\"name\":\"CONTACTO\"}]},{\"@type\":\"WebSite\",\"@id\":\"https:\/\/compasdigitalglobal.com\/#website\",\"url\":\"https:\/\/compasdigitalglobal.com\/\",\"name\":\"compasdigitalglobal.com\",\"description\":\"Dise\u00f1o de paginas web\",\"publisher\":{\"@id\":\"https:\/\/compasdigitalglobal.com\/#organization\"},\"potentialAction\":[{\"@type\":\"SearchAction\",\"target\":{\"@type\":\"EntryPoint\",\"urlTemplate\":\"https:\/\/compasdigitalglobal.com\/?s={search_term_string}\"},\"query-input\":\"required name=search_term_string\"}],\"inLanguage\":\"es\"},{\"@type\":\"Organization\",\"@id\":\"https:\/\/compasdigitalglobal.com\/#organization\",\"name\":\"compasdigitalglobal.com\",\"url\":\"https:\/\/compasdigitalglobal.com\/\",\"logo\":{\"@type\":\"ImageObject\",\"inLanguage\":\"es\",\"@id\":\"https:\/\/compasdigitalglobal.com\/#\/schema\/logo\/image\/\",\"url\":\"https:\/\/compasdigitalglobal.com\/wp-content\/uploads\/2024\/04\/Logo-compas-terminado-5.png\",\"contentUrl\":\"https:\/\/compasdigitalglobal.com\/wp-content\/uploads\/2024\/04\/Logo-compas-terminado-5.png\",\"width\":500,\"height\":500,\"caption\":\"compasdigitalglobal.com\"},\"image\":{\"@id\":\"https:\/\/compasdigitalglobal.com\/#\/schema\/logo\/image\/\"}}]}<\/script>\n<!-- \/ Yoast SEO Premium plugin. -->","yoast_head_json":{"title":"CONTACTO - compasdigitalglobal.com","description":"Cont\u00e1ctanos para consultas sobre nuestros servicios de dise\u00f1o web. Completa el formulario, env\u00edanos un correo o ll\u00e1manos.","robots":{"index":"index","follow":"follow","max-snippet":"max-snippet:-1","max-image-preview":"max-image-preview:large","max-video-preview":"max-video-preview:-1"},"canonical":"https:\/\/compasdigitalglobal.com\/index.php\/contacto-diseno-web\/","og_locale":"es_ES","og_type":"article","og_title":"CONTACTO","og_description":"Cont\u00e1ctanos para consultas sobre nuestros servicios de dise\u00f1o web. Completa el formulario, env\u00edanos un correo o ll\u00e1manos.","og_url":"https:\/\/compasdigitalglobal.com\/index.php\/contacto-diseno-web\/","og_site_name":"compasdigitalglobal.com","article_modified_time":"2026-02-10T20:08:22+00:00","twitter_card":"summary_large_image","twitter_misc":{"Tiempo de lectura":"1 minuto"},"schema":{"@context":"https:\/\/schema.org","@graph":[{"@type":"WebPage","@id":"https:\/\/compasdigitalglobal.com\/index.php\/contacto-diseno-web\/","url":"https:\/\/compasdigitalglobal.com\/index.php\/contacto-diseno-web\/","name":"CONTACTO - compasdigitalglobal.com","isPartOf":{"@id":"https:\/\/compasdigitalglobal.com\/#website"},"datePublished":"2024-04-03T17:37:17+00:00","dateModified":"2026-02-10T20:08:22+00:00","description":"Cont\u00e1ctanos para consultas sobre nuestros servicios de dise\u00f1o web. Completa el formulario, env\u00edanos un correo o ll\u00e1manos.","breadcrumb":{"@id":"https:\/\/compasdigitalglobal.com\/index.php\/contacto-diseno-web\/#breadcrumb"},"inLanguage":"es","potentialAction":[{"@type":"ReadAction","target":["https:\/\/compasdigitalglobal.com\/index.php\/contacto-diseno-web\/"]}]},{"@type":"BreadcrumbList","@id":"https:\/\/compasdigitalglobal.com\/index.php\/contacto-diseno-web\/#breadcrumb","itemListElement":[{"@type":"ListItem","position":1,"name":"Portada","item":"https:\/\/compasdigitalglobal.com\/"},{"@type":"ListItem","position":2,"name":"CONTACTO"}]},{"@type":"WebSite","@id":"https:\/\/compasdigitalglobal.com\/#website","url":"https:\/\/compasdigitalglobal.com\/","name":"compasdigitalglobal.com","description":"Dise\u00f1o de paginas web","publisher":{"@id":"https:\/\/compasdigitalglobal.com\/#organization"},"potentialAction":[{"@type":"SearchAction","target":{"@type":"EntryPoint","urlTemplate":"https:\/\/compasdigitalglobal.com\/?s={search_term_string}"},"query-input":"required name=search_term_string"}],"inLanguage":"es"},{"@type":"Organization","@id":"https:\/\/compasdigitalglobal.com\/#organization","name":"compasdigitalglobal.com","url":"https:\/\/compasdigitalglobal.com\/","logo":{"@type":"ImageObject","inLanguage":"es","@id":"https:\/\/compasdigitalglobal.com\/#\/schema\/logo\/image\/","url":"https:\/\/compasdigitalglobal.com\/wp-content\/uploads\/2024\/04\/Logo-compas-terminado-5.png","contentUrl":"https:\/\/compasdigitalglobal.com\/wp-content\/uploads\/2024\/04\/Logo-compas-terminado-5.png","width":500,"height":500,"caption":"compasdigitalglobal.com"},"image":{"@id":"https:\/\/compasdigitalglobal.com\/#\/schema\/logo\/image\/"}}]}},"_links":{"self":[{"href":"https:\/\/compasdigitalglobal.com\/index.php\/wp-json\/wp\/v2\/pages\/35"}],"collection":[{"href":"https:\/\/compasdigitalglobal.com\/index.php\/wp-json\/wp\/v2\/pages"}],"about":[{"href":"https:\/\/compasdigitalglobal.com\/index.php\/wp-json\/wp\/v2\/types\/page"}],"author":[{"embeddable":true,"href":"https:\/\/compasdigitalglobal.com\/index.php\/wp-json\/wp\/v2\/users\/1"}],"replies":[{"embeddable":true,"href":"https:\/\/compasdigitalglobal.com\/index.php\/wp-json\/wp\/v2\/comments?post=35"}],"version-history":[{"count":20,"href":"https:\/\/compasdigitalglobal.com\/index.php\/wp-json\/wp\/v2\/pages\/35\/revisions"}],"predecessor-version":[{"id":564,"href":"https:\/\/compasdigitalglobal.com\/index.php\/wp-json\/wp\/v2\/pages\/35\/revisions\/564"}],"wp:attachment":[{"href":"https:\/\/compasdigitalglobal.com\/index.php\/wp-json\/wp\/v2\/media?parent=35"}],"curies":[{"name":"wp","href":"https:\/\/api.w.org\/{rel}","templated":true}]}}