{"id":555,"date":"2025-05-06T15:10:39","date_gmt":"2025-05-06T20:10:39","guid":{"rendered":"https:\/\/compasdigitalglobal.com\/?page_id=555"},"modified":"2025-05-06T15:15:28","modified_gmt":"2025-05-06T20:15:28","slug":"politica-de-privacidad","status":"publish","type":"page","link":"https:\/\/compasdigitalglobal.com\/index.php\/politica-de-privacidad\/","title":{"rendered":"Politica de Privacidad"},"content":{"rendered":"<p>[et_pb_section fb_built=\u00bb1&#8243; theme_builder_area=\u00bbpost_content\u00bb _builder_version=\u00bb4.24.3&#8243; _module_preset=\u00bbdefault\u00bb][et_pb_row _builder_version=\u00bb4.24.3&#8243; _module_preset=\u00bbdefault\u00bb theme_builder_area=\u00bbpost_content\u00bb][et_pb_column _builder_version=\u00bb4.24.3&#8243; _module_preset=\u00bbdefault\u00bb type=\u00bb4_4&#8243; theme_builder_area=\u00bbpost_content\u00bb][et_pb_text _builder_version=\u00bb4.24.3&#8243; _module_preset=\u00bbdefault\u00bb theme_builder_area=\u00bbpost_content\u00bb hover_enabled=\u00bb0&#8243; sticky_enabled=\u00bb0&#8243;]<\/p>\n<p data-start=\"781\" data-end=\"1127\" class=\"\" style=\"text-align: justify;\"><strong>En Compas Digital Global nos comprometemos a proteger tu privacidad. La informaci\u00f3n que recopilamos a trav\u00e9s de formularios, como tu nombre, correo electr\u00f3nico o n\u00famero de tel\u00e9fono, se utilizar\u00e1 exclusivamente para brindarte informaci\u00f3n sobre nuestros servicios, como dise\u00f1o web, campa\u00f1as de Facebook Ads y otros productos digitales relacionados.<\/strong><\/p>\n<p data-start=\"1129\" data-end=\"1361\" class=\"\" style=\"text-align: justify;\"><strong>No compartiremos tu informaci\u00f3n con terceros sin tu consentimiento previo. Usamos esta informaci\u00f3n \u00fanicamente para fines comerciales propios, como atenci\u00f3n personalizada, cotizaciones, contacto y seguimiento de clientes potenciales.<\/strong><\/p>\n<p data-start=\"1363\" data-end=\"1486\" class=\"\" style=\"text-align: justify;\"><strong>Puedes solicitarnos en cualquier momento la eliminaci\u00f3n de tus datos enviando un correo a: comercial@compasdigitalglobal.com <\/strong><\/p>\n<p data-start=\"1488\" data-end=\"1545\" class=\"\" style=\"text-align: justify;\"><strong>Al enviar tus datos, aceptas esta pol\u00edtica de privacidad.<\/strong><\/p>\n<p>[\/et_pb_text][\/et_pb_column][\/et_pb_row][\/et_pb_section]<\/p>\n","protected":false},"excerpt":{"rendered":"<p>En Compas Digital Global nos comprometemos a proteger tu privacidad. La informaci\u00f3n que recopilamos a trav\u00e9s de formularios, como tu nombre, correo electr\u00f3nico o n\u00famero de tel\u00e9fono, se utilizar\u00e1 exclusivamente para brindarte informaci\u00f3n sobre nuestros servicios, como dise\u00f1o web, campa\u00f1as de Facebook Ads y otros productos digitales relacionados. No compartiremos tu informaci\u00f3n con terceros sin [&hellip;]<\/p>\n","protected":false},"author":1,"featured_media":0,"parent":0,"menu_order":0,"comment_status":"closed","ping_status":"closed","template":"","meta":{"_et_pb_use_builder":"on","_et_pb_old_content":"","_et_gb_content_width":"","_joinchat":[],"footnotes":""},"yoast_head":"<!-- This site is optimized with the Yoast SEO Premium plugin v22.6 (Yoast SEO v22.7) - https:\/\/yoast.com\/wordpress\/plugins\/seo\/ -->\n<title>Politica de Privacidad - compasdigitalglobal.com<\/title>\n<meta name=\"robots\" content=\"index, follow, max-snippet:-1, max-image-preview:large, max-video-preview:-1\" \/>\n<link rel=\"canonical\" href=\"https:\/\/compasdigitalglobal.com\/index.php\/politica-de-privacidad\/\" \/>\n<meta property=\"og:locale\" content=\"es_ES\" \/>\n<meta property=\"og:type\" content=\"article\" \/>\n<meta property=\"og:title\" content=\"Politica de Privacidad\" \/>\n<meta property=\"og:description\" content=\"En Compas Digital Global nos comprometemos a proteger tu privacidad. La informaci\u00f3n que recopilamos a trav\u00e9s de formularios, como tu nombre, correo electr\u00f3nico o n\u00famero de tel\u00e9fono, se utilizar\u00e1 exclusivamente para brindarte informaci\u00f3n sobre nuestros servicios, como dise\u00f1o web, campa\u00f1as de Facebook Ads y otros productos digitales relacionados. No compartiremos tu informaci\u00f3n con terceros sin [&hellip;]\" \/>\n<meta property=\"og:url\" content=\"https:\/\/compasdigitalglobal.com\/index.php\/politica-de-privacidad\/\" \/>\n<meta property=\"og:site_name\" content=\"compasdigitalglobal.com\" \/>\n<meta property=\"article:modified_time\" content=\"2025-05-06T20:15:28+00:00\" \/>\n<meta name=\"twitter:card\" content=\"summary_large_image\" \/>\n<script type=\"application\/ld+json\" class=\"yoast-schema-graph\">{\"@context\":\"https:\/\/schema.org\",\"@graph\":[{\"@type\":\"WebPage\",\"@id\":\"https:\/\/compasdigitalglobal.com\/index.php\/politica-de-privacidad\/\",\"url\":\"https:\/\/compasdigitalglobal.com\/index.php\/politica-de-privacidad\/\",\"name\":\"Politica de Privacidad - compasdigitalglobal.com\",\"isPartOf\":{\"@id\":\"https:\/\/compasdigitalglobal.com\/#website\"},\"datePublished\":\"2025-05-06T20:10:39+00:00\",\"dateModified\":\"2025-05-06T20:15:28+00:00\",\"breadcrumb\":{\"@id\":\"https:\/\/compasdigitalglobal.com\/index.php\/politica-de-privacidad\/#breadcrumb\"},\"inLanguage\":\"es\",\"potentialAction\":[{\"@type\":\"ReadAction\",\"target\":[\"https:\/\/compasdigitalglobal.com\/index.php\/politica-de-privacidad\/\"]}]},{\"@type\":\"BreadcrumbList\",\"@id\":\"https:\/\/compasdigitalglobal.com\/index.php\/politica-de-privacidad\/#breadcrumb\",\"itemListElement\":[{\"@type\":\"ListItem\",\"position\":1,\"name\":\"Portada\",\"item\":\"https:\/\/compasdigitalglobal.com\/\"},{\"@type\":\"ListItem\",\"position\":2,\"name\":\"Politica de Privacidad\"}]},{\"@type\":\"WebSite\",\"@id\":\"https:\/\/compasdigitalglobal.com\/#website\",\"url\":\"https:\/\/compasdigitalglobal.com\/\",\"name\":\"compasdigitalglobal.com\",\"description\":\"Dise\u00f1o de paginas web\",\"publisher\":{\"@id\":\"https:\/\/compasdigitalglobal.com\/#organization\"},\"potentialAction\":[{\"@type\":\"SearchAction\",\"target\":{\"@type\":\"EntryPoint\",\"urlTemplate\":\"https:\/\/compasdigitalglobal.com\/?s={search_term_string}\"},\"query-input\":\"required name=search_term_string\"}],\"inLanguage\":\"es\"},{\"@type\":\"Organization\",\"@id\":\"https:\/\/compasdigitalglobal.com\/#organization\",\"name\":\"compasdigitalglobal.com\",\"url\":\"https:\/\/compasdigitalglobal.com\/\",\"logo\":{\"@type\":\"ImageObject\",\"inLanguage\":\"es\",\"@id\":\"https:\/\/compasdigitalglobal.com\/#\/schema\/logo\/image\/\",\"url\":\"https:\/\/compasdigitalglobal.com\/wp-content\/uploads\/2024\/04\/Logo-compas-terminado-5.png\",\"contentUrl\":\"https:\/\/compasdigitalglobal.com\/wp-content\/uploads\/2024\/04\/Logo-compas-terminado-5.png\",\"width\":500,\"height\":500,\"caption\":\"compasdigitalglobal.com\"},\"image\":{\"@id\":\"https:\/\/compasdigitalglobal.com\/#\/schema\/logo\/image\/\"}}]}<\/script>\n<!-- \/ Yoast SEO Premium plugin. -->","yoast_head_json":{"title":"Politica de Privacidad - compasdigitalglobal.com","robots":{"index":"index","follow":"follow","max-snippet":"max-snippet:-1","max-image-preview":"max-image-preview:large","max-video-preview":"max-video-preview:-1"},"canonical":"https:\/\/compasdigitalglobal.com\/index.php\/politica-de-privacidad\/","og_locale":"es_ES","og_type":"article","og_title":"Politica de Privacidad","og_description":"En Compas Digital Global nos comprometemos a proteger tu privacidad. La informaci\u00f3n que recopilamos a trav\u00e9s de formularios, como tu nombre, correo electr\u00f3nico o n\u00famero de tel\u00e9fono, se utilizar\u00e1 exclusivamente para brindarte informaci\u00f3n sobre nuestros servicios, como dise\u00f1o web, campa\u00f1as de Facebook Ads y otros productos digitales relacionados. No compartiremos tu informaci\u00f3n con terceros sin [&hellip;]","og_url":"https:\/\/compasdigitalglobal.com\/index.php\/politica-de-privacidad\/","og_site_name":"compasdigitalglobal.com","article_modified_time":"2025-05-06T20:15:28+00:00","twitter_card":"summary_large_image","schema":{"@context":"https:\/\/schema.org","@graph":[{"@type":"WebPage","@id":"https:\/\/compasdigitalglobal.com\/index.php\/politica-de-privacidad\/","url":"https:\/\/compasdigitalglobal.com\/index.php\/politica-de-privacidad\/","name":"Politica de Privacidad - compasdigitalglobal.com","isPartOf":{"@id":"https:\/\/compasdigitalglobal.com\/#website"},"datePublished":"2025-05-06T20:10:39+00:00","dateModified":"2025-05-06T20:15:28+00:00","breadcrumb":{"@id":"https:\/\/compasdigitalglobal.com\/index.php\/politica-de-privacidad\/#breadcrumb"},"inLanguage":"es","potentialAction":[{"@type":"ReadAction","target":["https:\/\/compasdigitalglobal.com\/index.php\/politica-de-privacidad\/"]}]},{"@type":"BreadcrumbList","@id":"https:\/\/compasdigitalglobal.com\/index.php\/politica-de-privacidad\/#breadcrumb","itemListElement":[{"@type":"ListItem","position":1,"name":"Portada","item":"https:\/\/compasdigitalglobal.com\/"},{"@type":"ListItem","position":2,"name":"Politica de Privacidad"}]},{"@type":"WebSite","@id":"https:\/\/compasdigitalglobal.com\/#website","url":"https:\/\/compasdigitalglobal.com\/","name":"compasdigitalglobal.com","description":"Dise\u00f1o de paginas web","publisher":{"@id":"https:\/\/compasdigitalglobal.com\/#organization"},"potentialAction":[{"@type":"SearchAction","target":{"@type":"EntryPoint","urlTemplate":"https:\/\/compasdigitalglobal.com\/?s={search_term_string}"},"query-input":"required name=search_term_string"}],"inLanguage":"es"},{"@type":"Organization","@id":"https:\/\/compasdigitalglobal.com\/#organization","name":"compasdigitalglobal.com","url":"https:\/\/compasdigitalglobal.com\/","logo":{"@type":"ImageObject","inLanguage":"es","@id":"https:\/\/compasdigitalglobal.com\/#\/schema\/logo\/image\/","url":"https:\/\/compasdigitalglobal.com\/wp-content\/uploads\/2024\/04\/Logo-compas-terminado-5.png","contentUrl":"https:\/\/compasdigitalglobal.com\/wp-content\/uploads\/2024\/04\/Logo-compas-terminado-5.png","width":500,"height":500,"caption":"compasdigitalglobal.com"},"image":{"@id":"https:\/\/compasdigitalglobal.com\/#\/schema\/logo\/image\/"}}]}},"_links":{"self":[{"href":"https:\/\/compasdigitalglobal.com\/index.php\/wp-json\/wp\/v2\/pages\/555"}],"collection":[{"href":"https:\/\/compasdigitalglobal.com\/index.php\/wp-json\/wp\/v2\/pages"}],"about":[{"href":"https:\/\/compasdigitalglobal.com\/index.php\/wp-json\/wp\/v2\/types\/page"}],"author":[{"embeddable":true,"href":"https:\/\/compasdigitalglobal.com\/index.php\/wp-json\/wp\/v2\/users\/1"}],"replies":[{"embeddable":true,"href":"https:\/\/compasdigitalglobal.com\/index.php\/wp-json\/wp\/v2\/comments?post=555"}],"version-history":[{"count":3,"href":"https:\/\/compasdigitalglobal.com\/index.php\/wp-json\/wp\/v2\/pages\/555\/revisions"}],"predecessor-version":[{"id":561,"href":"https:\/\/compasdigitalglobal.com\/index.php\/wp-json\/wp\/v2\/pages\/555\/revisions\/561"}],"wp:attachment":[{"href":"https:\/\/compasdigitalglobal.com\/index.php\/wp-json\/wp\/v2\/media?parent=555"}],"curies":[{"name":"wp","href":"https:\/\/api.w.org\/{rel}","templated":true}]}}